{"id":32,"date":"2020-04-13T20:42:54","date_gmt":"2020-04-13T18:42:54","guid":{"rendered":"http:\/\/www.rtcrif.at\/tennis\/?page_id=32"},"modified":"2025-02-10T11:56:11","modified_gmt":"2025-02-10T10:56:11","slug":"online-reservierung","status":"publish","type":"page","link":"http:\/\/www.rtcrif.at\/tennis\/online-reservierung\/","title":{"rendered":"Platzbuchung"},"content":{"rendered":"\n<p>Hier geht\u2019s zur <strong>Buchung<\/strong>:<\/p>\n\n\n\n<p><a href=\"https:\/\/app.tennis04.com\/de\/rtc\/buchungsplan\">https:\/\/app.tennis04.com\/de\/rtc\/buchungsplan<\/a><\/p>\n\n\n\n<p>Zuvor m\u00fcsst ihr euch aber bitte noch im Online- Buchungsystem Tennis04 registrieren! Dies betrifft alle Spielerinnen und Spieler, auch G\u00e4ste, die mit Clubmitgliedern spielen! Loggt euch dazu bitte im Tennis04 ein und folgt der Anleitung! Viel Spa\u00df!<\/p>\n\n\n\n<p>Bitte beachtet <strong>folgende Informationen zur Buchung<\/strong>:<\/p>\n\n\n\n<ul class=\"wp-block-list\"><li>In der Primetime* k\u00f6nnt ihr max. 1 Stunde f\u00fcr den jeweiligen Tag bzw. 2 weitere Stunden in die Zukunft buchen. F\u00fcr ein Doppel k\u00f6nnt ihr 2 Stunden hintereinander buchen. Nach Ablauf der Zeit, k\u00f6nnt ihr wieder erneut reservieren.<\/li><li>G\u00e4ste sind leider nur au\u00dferhalb der <strong>Primetime<\/strong>* spielberechtigt!<\/li><\/ul>\n\n\n\n<p>Die Platzmiete unserer G\u00e4ste ist mittels Kuvert (Symbolbild siehe unten) zu entrichten. Den offenen Betrag bitte in&#8217;s Kuvert stecken, Kuvert ausf\u00fcllen und Kuvert dann in den Postkasten (findest du im Zugangsbereich zu den Kabinen) werfen.<\/p>\n\n\n\n<figure class=\"wp-block-image size-large\"><img loading=\"lazy\" decoding=\"async\" width=\"576\" height=\"1024\" src=\"http:\/\/www.rtcrif.at\/tennis\/wp-content\/uploads\/2022\/05\/Unknown-1-576x1024.jpg\" alt=\"\" class=\"wp-image-425\" srcset=\"http:\/\/www.rtcrif.at\/tennis\/wp-content\/uploads\/2022\/05\/Unknown-1-576x1024.jpg 576w, http:\/\/www.rtcrif.at\/tennis\/wp-content\/uploads\/2022\/05\/Unknown-1-169x300.jpg 169w, http:\/\/www.rtcrif.at\/tennis\/wp-content\/uploads\/2022\/05\/Unknown-1-768x1366.jpg 768w, http:\/\/www.rtcrif.at\/tennis\/wp-content\/uploads\/2022\/05\/Unknown-1-864x1536.jpg 864w, http:\/\/www.rtcrif.at\/tennis\/wp-content\/uploads\/2022\/05\/Unknown-1-72x128.jpg 72w, http:\/\/www.rtcrif.at\/tennis\/wp-content\/uploads\/2022\/05\/Unknown-1-18x32.jpg 18w, http:\/\/www.rtcrif.at\/tennis\/wp-content\/uploads\/2022\/05\/Unknown-1.jpg 899w\" sizes=\"auto, (max-width: 576px) 100vw, 576px\" \/><\/figure>\n\n\n\n<p>*<strong>Primetime<\/strong> ist von Montag bis Donnerstag von 16 Uhr \u2013 20 Uhr, Freitag von 15 Uhr \u2013 20 Uhr<br>Am Wochenende ist keine Primetime!<\/p>\n","protected":false},"excerpt":{"rendered":"<p>Hier geht\u2019s zur Buchung: https:\/\/app.tennis04.com\/de\/rtc\/buchungsplan Zuvor m\u00fcsst ihr euch aber bitte noch im Online- Buchungsystem Tennis04 registrieren! Dies betrifft alle Spielerinnen und Spieler, auch G\u00e4ste, die mit Clubmitgliedern spielen! Loggt euch dazu bitte im Tennis04 ein und folgt der Anleitung! Viel Spa\u00df! Bitte beachtet folgende Informationen zur Buchung: In der Primetime* k\u00f6nnt ihr max. 1 Stunde f\u00fcr den jeweiligen Tag bzw. 2 weitere Stunden in die Zukunft buchen. F\u00fcr ein Doppel k\u00f6nnt ihr 2 Stunden hintereinander buchen. Nach Ablauf der Zeit, k\u00f6nnt ihr wieder erneut reservieren. G\u00e4ste sind leider nur au\u00dferhalb der Primetime* spielberechtigt! Die Platzmiete unserer G\u00e4ste ist mittels Kuvert (Symbolbild siehe unten) zu entrichten. Den offenen Betrag bitte in&#8217;s Kuvert stecken, Kuvert ausf\u00fcllen und Kuvert dann in den Postkasten (findest du im Zugangsbereich zu den Kabinen) werfen. *Primetime ist von Montag bis Donnerstag von 16 Uhr \u2013 20 Uhr, Freitag von 15 Uhr \u2013 20 UhrAm Wochenende ist keine Primetime!<\/p>\n","protected":false},"author":1,"featured_media":0,"parent":0,"menu_order":0,"comment_status":"closed","ping_status":"closed","template":"","meta":{"footnotes":""},"class_list":["post-32","page","type-page","status-publish","hentry"],"_links":{"self":[{"href":"http:\/\/www.rtcrif.at\/tennis\/wp-json\/wp\/v2\/pages\/32","targetHints":{"allow":["GET"]}}],"collection":[{"href":"http:\/\/www.rtcrif.at\/tennis\/wp-json\/wp\/v2\/pages"}],"about":[{"href":"http:\/\/www.rtcrif.at\/tennis\/wp-json\/wp\/v2\/types\/page"}],"author":[{"embeddable":true,"href":"http:\/\/www.rtcrif.at\/tennis\/wp-json\/wp\/v2\/users\/1"}],"replies":[{"embeddable":true,"href":"http:\/\/www.rtcrif.at\/tennis\/wp-json\/wp\/v2\/comments?post=32"}],"version-history":[{"count":6,"href":"http:\/\/www.rtcrif.at\/tennis\/wp-json\/wp\/v2\/pages\/32\/revisions"}],"predecessor-version":[{"id":567,"href":"http:\/\/www.rtcrif.at\/tennis\/wp-json\/wp\/v2\/pages\/32\/revisions\/567"}],"wp:attachment":[{"href":"http:\/\/www.rtcrif.at\/tennis\/wp-json\/wp\/v2\/media?parent=32"}],"curies":[{"name":"wp","href":"https:\/\/api.w.org\/{rel}","templated":true}]}}